{"id":823,"date":"2025-08-11T16:04:43","date_gmt":"2025-08-11T16:04:43","guid":{"rendered":"http:\/\/www.5gnacar.es\/?page_id=823"},"modified":"2025-08-12T15:58:39","modified_gmt":"2025-08-12T15:58:39","slug":"cookies-policy","status":"publish","type":"page","link":"http:\/\/www.5gnacar.es\/?page_id=823","title":{"rendered":"Pol\u00edtica de Cookies"},"content":{"rendered":"\n<p>El acceso a este Sitio Web puede implicar la utilizaci\u00f3n de cookies. Las cookies son peque\u00f1os archivos de datos que se almacenan en el navegador del usuario y que permiten que un servidor recuerde cierta informaci\u00f3n que podr\u00e1 ser utilizada posteriormente.<\/p>\n\n\n\n<p>Este sitio utiliza <strong>\u00fanicamente cookies t\u00e9cnicas necesarias<\/strong> para su correcto funcionamiento, que no requieren consentimiento previo. No se utilizan cookies publicitarias ni de seguimiento.<\/p>\n\n\n\n<p>En caso de que en el futuro se incorporen cookies anal\u00edticas o de terceros (por ejemplo, para estad\u00edsticas o integraci\u00f3n de contenidos externos), se implementar\u00e1 un sistema de <strong>banner de consentimiento previo<\/strong>, informando claramente sobre su uso y ofreciendo la posibilidad de aceptarlas o rechazarlas.<\/p>\n\n\n\n<h3 class=\"wp-block-heading\" id=\"que-son-las-cookies\">\u00bfQu\u00e9 son las cookies?<\/h3>\n\n\n\n<p>Las cookies son procedimientos autom\u00e1ticos de recogida de informaci\u00f3n relativa a las preferencias del usuario durante su visita a un sitio web. Su finalidad es reconocer al usuario y mejorar su experiencia de navegaci\u00f3n.<\/p>\n\n\n\n<p>La informaci\u00f3n que recopilan puede incluir datos como la fecha y hora de la visita, las p\u00e1ginas vistas o el tiempo de permanencia en el sitio, pero nunca permite identificar de forma directa a una persona salvo que esta lo proporcione voluntariamente.<\/p>\n\n\n\n<h3 class=\"wp-block-heading\" id=\"deshabilitar-o-eliminar-cookies\">Deshabilitar o eliminar cookies<\/h3>\n\n\n\n<p>El usuario puede deshabilitar o eliminar las cookies instaladas en su dispositivo mediante la configuraci\u00f3n de su navegador (Chrome, Firefox, Safari, Edge, etc.). Los procedimientos para hacerlo pueden variar en funci\u00f3n del navegador utilizado, por lo que se recomienda consultar la ayuda o documentaci\u00f3n correspondiente.<\/p>\n\n\n\n<p>En caso de desactivar o rechazar las cookies, el sitio web seguir\u00e1 siendo accesible, pero algunas funcionalidades pueden verse limitadas.<\/p>\n\n\n\n<p><\/p>\n","protected":false},"excerpt":{"rendered":"<p>El acceso a este Sitio Web puede implicar la utilizaci\u00f3n de cookies. Las cookies son peque\u00f1os archivos de datos que se almacenan en el navegador del usuario y que permiten que un servidor recuerde cierta informaci\u00f3n que podr\u00e1 ser utilizada posteriormente. Este sitio utiliza \u00fanicamente cookies t\u00e9cnicas necesarias para su correcto funcionamiento, que no requieren [&hellip;]<\/p>\n","protected":false},"author":1,"featured_media":0,"parent":0,"menu_order":0,"comment_status":"closed","ping_status":"closed","template":"","meta":{"_gspb_post_css":"","footnotes":""},"class_list":["post-823","page","type-page","status-publish","hentry"],"blocksy_meta":[],"_links":{"self":[{"href":"http:\/\/www.5gnacar.es\/index.php?rest_route=\/wp\/v2\/pages\/823","targetHints":{"allow":["GET"]}}],"collection":[{"href":"http:\/\/www.5gnacar.es\/index.php?rest_route=\/wp\/v2\/pages"}],"about":[{"href":"http:\/\/www.5gnacar.es\/index.php?rest_route=\/wp\/v2\/types\/page"}],"author":[{"embeddable":true,"href":"http:\/\/www.5gnacar.es\/index.php?rest_route=\/wp\/v2\/users\/1"}],"replies":[{"embeddable":true,"href":"http:\/\/www.5gnacar.es\/index.php?rest_route=%2Fwp%2Fv2%2Fcomments&post=823"}],"version-history":[{"count":3,"href":"http:\/\/www.5gnacar.es\/index.php?rest_route=\/wp\/v2\/pages\/823\/revisions"}],"predecessor-version":[{"id":943,"href":"http:\/\/www.5gnacar.es\/index.php?rest_route=\/wp\/v2\/pages\/823\/revisions\/943"}],"wp:attachment":[{"href":"http:\/\/www.5gnacar.es\/index.php?rest_route=%2Fwp%2Fv2%2Fmedia&parent=823"}],"curies":[{"name":"wp","href":"https:\/\/api.w.org\/{rel}","templated":true}]}}